{"id":1563,"date":"2022-06-02T08:09:32","date_gmt":"2022-06-02T08:09:32","guid":{"rendered":"https:\/\/www.winterservices.be\/?page_id=1563"},"modified":"2022-06-02T08:13:45","modified_gmt":"2022-06-02T08:13:45","slug":"politique-de-confidentialite","status":"publish","type":"page","link":"https:\/\/www.winterservices.be\/fr\/politique-de-confidentialite\/","title":{"rendered":"Politique de confidentialit\u00e9"},"content":{"rendered":"<p>[et_pb_section fb_built=\u00a0\u00bb1&Prime; module_class=\u00a0\u00bbcu_dienst_banner\u00a0\u00bb _builder_version=\u00a0\u00bb4.11.2&Prime; _module_preset=\u00a0\u00bbdefault\u00a0\u00bb background_image=\u00a0\u00bbhttps:\/\/www.winterservices.be\/assets\/uploads\/strooiwerk.jpg\u00a0\u00bb custom_padding=\u00a0\u00bb||||false|false\u00a0\u00bb global_colors_info=\u00a0\u00bb{}\u00a0\u00bb][et_pb_row _builder_version=\u00a0\u00bb4.11.2&Prime; _module_preset=\u00a0\u00bbdefault\u00a0\u00bb global_colors_info=\u00a0\u00bb{}\u00a0\u00bb][et_pb_column type=\u00a0\u00bb4_4&Prime; _builder_version=\u00a0\u00bb4.11.2&Prime; _module_preset=\u00a0\u00bbdefault\u00a0\u00bb global_colors_info=\u00a0\u00bb{}\u00a0\u00bb][et_pb_text _builder_version=\u00a0\u00bb4.11.2&Prime; _module_preset=\u00a0\u00bbdefault\u00a0\u00bb header_text_color=\u00a0\u00bb#FFFFFF\u00a0\u00bb header_font_size=\u00a0\u00bb52px\u00a0\u00bb global_colors_info=\u00a0\u00bb{}\u00a0\u00bb]<\/p>\n<h1>Politique de confidentialit\u00e9<\/h1>\n<p>[\/et_pb_text][\/et_pb_column][\/et_pb_row][\/et_pb_section][et_pb_section fb_built=\u00a0\u00bb1&Prime; admin_label=\u00a0\u00bbBreadcrumbs\u00a0\u00bb module_class=\u00a0\u00bbcu_breadcrumbs\u00a0\u00bb _builder_version=\u00a0\u00bb4.11.2&Prime; _module_preset=\u00a0\u00bbdefault\u00a0\u00bb custom_margin=\u00a0\u00bb0px||0px||true|false\u00a0\u00bb custom_padding=\u00a0\u00bb8px||8px||true|false\u00a0\u00bb saved_tabs=\u00a0\u00bball\u00a0\u00bb global_colors_info=\u00a0\u00bb{}\u00a0\u00bb][et_pb_row _builder_version=\u00a0\u00bb4.11.2&Prime; _module_preset=\u00a0\u00bbdefault\u00a0\u00bb custom_margin=\u00a0\u00bb0px||0px||true|false\u00a0\u00bb custom_padding=\u00a0\u00bb0px||0px||true|false\u00a0\u00bb global_colors_info=\u00a0\u00bb{}\u00a0\u00bb][et_pb_column type=\u00a0\u00bb4_4&Prime; _builder_version=\u00a0\u00bb4.11.2&Prime; _module_preset=\u00a0\u00bbdefault\u00a0\u00bb global_colors_info=\u00a0\u00bb{}\u00a0\u00bb][et_pb_text _builder_version=\u00a0\u00bb4.11.2&Prime; _module_preset=\u00a0\u00bbdefault\u00a0\u00bb global_colors_info=\u00a0\u00bb{}\u00a0\u00bb][\/et_pb_text][\/et_pb_column][\/et_pb_row][\/et_pb_section][et_pb_section fb_built=\u00a0\u00bb1&Prime; _builder_version=\u00a0\u00bb4.11.2&Prime; _module_preset=\u00a0\u00bbdefault\u00a0\u00bb global_colors_info=\u00a0\u00bb{}\u00a0\u00bb][et_pb_row _builder_version=\u00a0\u00bb4.11.2&Prime; _module_preset=\u00a0\u00bbdefault\u00a0\u00bb global_colors_info=\u00a0\u00bb{}\u00a0\u00bb][et_pb_column type=\u00a0\u00bb4_4&Prime; _builder_version=\u00a0\u00bb4.11.2&Prime; _module_preset=\u00a0\u00bbdefault\u00a0\u00bb global_colors_info=\u00a0\u00bb{}\u00a0\u00bb][et_pb_text _builder_version=\u00a0\u00bb4.11.2&Prime; _module_preset=\u00a0\u00bbdefault\u00a0\u00bb global_colors_info=\u00a0\u00bb{}\u00a0\u00bb]<\/p>\n<p>Nous nous rendons compte que vous avez confiance en nous. Nous le consid\u00e9rons comme notre responsabilit\u00e9 de prot\u00e9ger votre vie priv\u00e9e. Cette page vous permet de savoir quelles sont les informations que nous recueillons lorsque vous utilisez notre site web, pourquoi nous les recueillons et comment nous aider \u00e0 am\u00e9liorer votre exp\u00e9rience d\u2019usage. Ainsi, vous comprenez exactement comment nous travaillons. Cette politique de confidentialit\u00e9 s&rsquo;applique aux services de Winter Services. Vous devez vous en rendre compte que Winter Services n&rsquo;est pas responsable de politiques de confidentialit\u00e9 d\u2019autres sites et sources. En utilisant notre site, vous acceptez la politique de confidentialit\u00e9. Winter Services respecte la vie priv\u00e9e de tous les utilisateurs de son site et veille \u00e0 ce que les renseignements personnels que vous fournissez sont trait\u00e9es de mani\u00e8re confidentielle.<\/p>\n<p><strong>NOTRE UTILISATION DES DONN\u00c9ES RECUEILLIES <\/strong><\/p>\n<p><strong>UTILISATION DE NOS SERVICES <\/strong><\/p>\n<p>Lorsque vous vous inscrivez \u00e0 un de nos services, nous vous demandons de fournir des donn\u00e9es personnelles ou commerciales. Ces donn\u00e9es sont utilis\u00e9es pour effectuer le service. Les donn\u00e9es sont stock\u00e9es sur des serveurs s\u00e9curis\u00e9s de Winter Services ou celles d&rsquo;un tiers. Nous ne combinons pas ces donn\u00e9es fournies avec d&rsquo;autres donn\u00e9es personnelles dont nous poss\u00e9dons.<\/p>\n<p><strong>COMMUNICATIONS<\/strong><\/p>\n<p>Lorsque vous nous envoyez un e-mail ou d&rsquo;autres messages, nous pouvons conserver ces communications. Parfois, nous demandons vos donn\u00e9es personnelles pertinentes \u00e0 la situation particuli\u00e8re. Cela nous permet de traiter vos demandes et de r\u00e9pondre \u00e0 vos demandes. Les donn\u00e9es sont stock\u00e9es sur des serveurs s\u00e9curis\u00e9s de Winter Services ou celles d&rsquo;un tiers. Nous ne combinons pas ces donn\u00e9es fournies avec d&rsquo;autres donn\u00e9es personnelles dont nous poss\u00e9dons.<\/p>\n<p><strong>COOKIES <\/strong><\/p>\n<p>Nous recueillons des donn\u00e9es pour acqu\u00e9rir une meilleure compr\u00e9hension de nos clients afin que nous puissions adapter nos services. Ce site utilise des \u00ab cookies \u00bb (de petits fichiers texte stock\u00e9s sur votre ordinateur) pour aider le site \u00e0 analyser la fa\u00e7on dont les utilisateurs utilisent le site. Les informations concernant votre utilisation du site g\u00e9n\u00e9r\u00e9 par le cookie peuvent \u00eatre transmis \u00e0 des serveurs s\u00e9curis\u00e9s de Winter Services ou celles d&rsquo;un tiers. Nous utilisons ces informations pour analyser la fa\u00e7on dont vous utilisez le site, \u00e9tablir des rapports sur l&rsquo;activit\u00e9 du site web et offrir d&rsquo;autres services li\u00e9s \u00e0 l&rsquo;activit\u00e9 du site web et l&rsquo;utilisation de l\u2019Internet.<\/p>\n<p><strong>OBJECTIFS<\/strong><\/p>\n<p>Nous ne recueillons pas ou n\u2019utilisons pas d\u2019informations pour des objectifs autres que les objectifs d\u00e9crits dans la pr\u00e9sente Politique de confidentialit\u00e9, \u00e0 moins que nous avions obtenu votre consentement pr\u00e9c\u00e9demment.<\/p>\n<p><strong>TIERS <\/strong><\/p>\n<p>Les informations ne sont pas partag\u00e9es avec des tiers. Dans certains cas, les informations peuvent \u00eatre partag\u00e9es en interne. Nos employ\u00e9s sont tenus de respecter la confidentialit\u00e9 de vos informations.<\/p>\n<p><strong>MODIFICATIONS <\/strong><\/p>\n<p>Cette d\u00e9claration de confidentialit\u00e9 est adapt\u00e9e \u00e0 l&rsquo;utilisation et les capacit\u00e9s de ce site. Toute modification et\/ou adaptation \u00e0 ce site, peut entra\u00eener des changements dans cette d\u00e9claration de confidentialit\u00e9. Il est donc conseill\u00e9 de v\u00e9rifier r\u00e9guli\u00e8rement cette d\u00e9claration de confidentialit\u00e9.<\/p>\n<p><strong>D\u00c9SACTIVER LES COOKIES <\/strong><\/p>\n<p>La plupart des navigateurs sont configur\u00e9s pour accepter les cookies, mais vous pouvez configurer votre navigateur pour refuser tous les cookies ou pour indiquer quand un cookie est envoy\u00e9. Il est possible que certaines fonctions et services sur notre et autres sites ne peuvent pas fonctionner correctement si les cookies sont d\u00e9sactiv\u00e9s dans votre navigateur.<\/p>\n<p>[\/et_pb_text][\/et_pb_column][\/et_pb_row][\/et_pb_section]<\/p>\n","protected":false},"excerpt":{"rendered":"<p>Politique de confidentialit\u00e9Nous nous rendons compte que vous avez confiance en nous. Nous le consid\u00e9rons comme notre responsabilit\u00e9 de prot\u00e9ger votre vie priv\u00e9e. Cette page vous permet de savoir quelles sont les informations que nous recueillons lorsque vous utilisez notre site web, pourquoi nous les recueillons et comment nous aider \u00e0 am\u00e9liorer votre exp\u00e9rience d\u2019usage. [&hellip;]<\/p>\n","protected":false},"author":3,"featured_media":0,"parent":0,"menu_order":0,"comment_status":"closed","ping_status":"closed","template":"","meta":{"_et_pb_use_builder":"on","_et_pb_old_content":"","_et_gb_content_width":"","footnotes":""},"class_list":["post-1563","page","type-page","status-publish","hentry"],"_links":{"self":[{"href":"https:\/\/www.winterservices.be\/fr\/wp-json\/wp\/v2\/pages\/1563","targetHints":{"allow":["GET"]}}],"collection":[{"href":"https:\/\/www.winterservices.be\/fr\/wp-json\/wp\/v2\/pages"}],"about":[{"href":"https:\/\/www.winterservices.be\/fr\/wp-json\/wp\/v2\/types\/page"}],"author":[{"embeddable":true,"href":"https:\/\/www.winterservices.be\/fr\/wp-json\/wp\/v2\/users\/3"}],"replies":[{"embeddable":true,"href":"https:\/\/www.winterservices.be\/fr\/wp-json\/wp\/v2\/comments?post=1563"}],"version-history":[{"count":4,"href":"https:\/\/www.winterservices.be\/fr\/wp-json\/wp\/v2\/pages\/1563\/revisions"}],"predecessor-version":[{"id":1571,"href":"https:\/\/www.winterservices.be\/fr\/wp-json\/wp\/v2\/pages\/1563\/revisions\/1571"}],"wp:attachment":[{"href":"https:\/\/www.winterservices.be\/fr\/wp-json\/wp\/v2\/media?parent=1563"}],"curies":[{"name":"wp","href":"https:\/\/api.w.org\/{rel}","templated":true}]}}