{"id":1573,"date":"2022-06-02T08:15:11","date_gmt":"2022-06-02T08:15:11","guid":{"rendered":"https:\/\/www.winterservices.be\/?page_id=1573"},"modified":"2022-06-02T08:17:41","modified_gmt":"2022-06-02T08:17:41","slug":"politique-de-cookies","status":"publish","type":"page","link":"https:\/\/www.winterservices.be\/fr\/politique-de-cookies\/","title":{"rendered":"Politique de cookies"},"content":{"rendered":"<p>[et_pb_section fb_built=\u00a0\u00bb1&Prime; module_class=\u00a0\u00bbcu_dienst_banner\u00a0\u00bb _builder_version=\u00a0\u00bb4.11.2&Prime; _module_preset=\u00a0\u00bbdefault\u00a0\u00bb background_image=\u00a0\u00bbhttps:\/\/www.winterservices.be\/assets\/uploads\/strooiwerk.jpg\u00a0\u00bb custom_padding=\u00a0\u00bb||||false|false\u00a0\u00bb global_colors_info=\u00a0\u00bb{}\u00a0\u00bb][et_pb_row _builder_version=\u00a0\u00bb4.11.2&Prime; _module_preset=\u00a0\u00bbdefault\u00a0\u00bb global_colors_info=\u00a0\u00bb{}\u00a0\u00bb][et_pb_column type=\u00a0\u00bb4_4&Prime; _builder_version=\u00a0\u00bb4.11.2&Prime; _module_preset=\u00a0\u00bbdefault\u00a0\u00bb global_colors_info=\u00a0\u00bb{}\u00a0\u00bb][et_pb_text _builder_version=\u00a0\u00bb4.11.2&Prime; _module_preset=\u00a0\u00bbdefault\u00a0\u00bb header_text_color=\u00a0\u00bb#FFFFFF\u00a0\u00bb header_font_size=\u00a0\u00bb52px\u00a0\u00bb hover_enabled=\u00a0\u00bb0&Prime; global_colors_info=\u00a0\u00bb{}\u00a0\u00bb sticky_enabled=\u00a0\u00bb0&Prime;]<\/p>\n<h1>Politique de cookies<\/h1>\n<p>[\/et_pb_text][\/et_pb_column][\/et_pb_row][\/et_pb_section][et_pb_section fb_built=\u00a0\u00bb1&Prime; admin_label=\u00a0\u00bbBreadcrumbs\u00a0\u00bb module_class=\u00a0\u00bbcu_breadcrumbs\u00a0\u00bb _builder_version=\u00a0\u00bb4.11.2&Prime; _module_preset=\u00a0\u00bbdefault\u00a0\u00bb custom_margin=\u00a0\u00bb0px||0px||true|false\u00a0\u00bb custom_padding=\u00a0\u00bb8px||8px||true|false\u00a0\u00bb saved_tabs=\u00a0\u00bball\u00a0\u00bb global_colors_info=\u00a0\u00bb{}\u00a0\u00bb][et_pb_row _builder_version=\u00a0\u00bb4.11.2&Prime; _module_preset=\u00a0\u00bbdefault\u00a0\u00bb custom_margin=\u00a0\u00bb0px||0px||true|false\u00a0\u00bb custom_padding=\u00a0\u00bb0px||0px||true|false\u00a0\u00bb global_colors_info=\u00a0\u00bb{}\u00a0\u00bb][et_pb_column type=\u00a0\u00bb4_4&Prime; _builder_version=\u00a0\u00bb4.11.2&Prime; _module_preset=\u00a0\u00bbdefault\u00a0\u00bb global_colors_info=\u00a0\u00bb{}\u00a0\u00bb][et_pb_text _builder_version=\u00a0\u00bb4.11.2&Prime; _module_preset=\u00a0\u00bbdefault\u00a0\u00bb global_colors_info=\u00a0\u00bb{}\u00a0\u00bb][\/et_pb_text][\/et_pb_column][\/et_pb_row][\/et_pb_section][et_pb_section fb_built=\u00a0\u00bb1&Prime; _builder_version=\u00a0\u00bb4.11.2&Prime; _module_preset=\u00a0\u00bbdefault\u00a0\u00bb global_colors_info=\u00a0\u00bb{}\u00a0\u00bb][et_pb_row _builder_version=\u00a0\u00bb4.11.2&Prime; _module_preset=\u00a0\u00bbdefault\u00a0\u00bb global_colors_info=\u00a0\u00bb{}\u00a0\u00bb][et_pb_column type=\u00a0\u00bb4_4&Prime; _builder_version=\u00a0\u00bb4.11.2&Prime; _module_preset=\u00a0\u00bbdefault\u00a0\u00bb global_colors_info=\u00a0\u00bb{}\u00a0\u00bb][et_pb_text _builder_version=\u00a0\u00bb4.11.2&Prime; _module_preset=\u00a0\u00bbdefault\u00a0\u00bb hover_enabled=\u00a0\u00bb0&Prime; global_colors_info=\u00a0\u00bb{}\u00a0\u00bb sticky_enabled=\u00a0\u00bb0&Prime;]<\/p>\n<p>Winter Services utilise diff\u00e9rents types de cookies (petits fichiers texte qui sont stock\u00e9s sur votre appareil) et des technologies similaires, permettant de recueillir des donn\u00e9es qui sont n\u00e9cessaires pour fournir nos services.<\/p>\n<p>Ces cookies nous permettent de stocker vos pr\u00e9f\u00e9rences et param\u00e8tres, pr\u00e9venir la fraude, mettre un formulaire de contact, d&rsquo;int\u00e9grer des m\u00e9dias sociaux et d&rsquo;analyser les performances de notre site web et des services en ligne.<\/p>\n<p>Pour placer les cookies fonctionnels et en utilisant des cookies analytiques \u00e0 petite \u00e9chelle, qui sont entre autres n\u00e9cessaires pour faire fonctionner un service, Winter Services n\u2019a pas besoin de l&rsquo;autorisation pr\u00e9alable de votre part en tant que visiteur. Les cookies fonctionnels sont par exemple des fichiers qui m\u00e9morisent ce qui est dans un panier d\u2019achat num\u00e9riquement. Les cookies d&rsquo;analyse sont g\u00e9n\u00e9ralement utilis\u00e9s pour le suivi des visiteurs et d&rsquo;am\u00e9liorer le site. Ces cookies peuvent ne pas avoir ou peu d&rsquo;impact sur la vie priv\u00e9e du visiteur.<\/p>\n<p>Tous les autres cookies, tels que les cookies de suivi ne sont utilis\u00e9s que si vous avez donn\u00e9 la permission \u00e0 Winter Services.<\/p>\n<p>En cliquant sur le bouton \u00ab\u00a0Je suis d&rsquo;accord\u00a0\u00bb, vous indiquez que vous acceptez l&rsquo;utilisation de cookies et le traitement des donn\u00e9es (personnelles) collect\u00e9es et trait\u00e9es \u00e0 l&rsquo;aide de cookies.<\/p>\n<p>Les pop-up veillent \u00e0 ce que l&rsquo;autorisation pr\u00e9alable est demand\u00e9e au visiteur du site. Tel est le cas si les donn\u00e9es statistiques sont \u00e9galement utilis\u00e9es pour \u00e9tablir des profils de visiteurs.<\/p>\n<p>Les cookies (et d&rsquo;autres technologies similaires, telles que Javascript) assurent par exemple que vous pouvez rester connect\u00e9 sur un site web ou les param\u00e8tres g\u00e9ographiques et linguistiques sont m\u00e9moris\u00e9s (fonctionnel).<\/p>\n<p>En outre, les propri\u00e9taires de sites web peuvent utiliser les cookies pour voir combien de fois leurs sites &#8211; et quelles pages &#8211; sont vus par les visiteurs (statistiques). Les cookies sont par exemple appliqu\u00e9s pour l\u2019utilisation d\u2019un bouton \u00ab\u00a0J\u2019aime\u00a0\u00bb (m\u00e9dias sociaux).<\/p>\n<p>Les cookies permettent \u00e9galement de suivre les informations concernant votre utilisation de plusieurs sites web (cookie de suivi). Notre politique de confidentialit\u00e9 et cookies s\u2019applique \u00e0 l&rsquo;utilisation de cookies sur les informations recueillies par Winter Services.<\/p>\n<p>Pour plus d&rsquo;informations sur le traitement des informations (personnelles), consultez notre Politique de confidentialit\u00e9.<\/p>\n<p>[\/et_pb_text][\/et_pb_column][\/et_pb_row][\/et_pb_section]<\/p>\n","protected":false},"excerpt":{"rendered":"<p>Politique de cookiesWinter Services utilise diff\u00e9rents types de cookies (petits fichiers texte qui sont stock\u00e9s sur votre appareil) et des technologies similaires, permettant de recueillir des donn\u00e9es qui sont n\u00e9cessaires pour fournir nos services. Ces cookies nous permettent de stocker vos pr\u00e9f\u00e9rences et param\u00e8tres, pr\u00e9venir la fraude, mettre un formulaire de contact, d&rsquo;int\u00e9grer des m\u00e9dias [&hellip;]<\/p>\n","protected":false},"author":3,"featured_media":0,"parent":0,"menu_order":0,"comment_status":"closed","ping_status":"closed","template":"","meta":{"_et_pb_use_builder":"on","_et_pb_old_content":"","_et_gb_content_width":"","footnotes":""},"class_list":["post-1573","page","type-page","status-publish","hentry"],"_links":{"self":[{"href":"https:\/\/www.winterservices.be\/fr\/wp-json\/wp\/v2\/pages\/1573","targetHints":{"allow":["GET"]}}],"collection":[{"href":"https:\/\/www.winterservices.be\/fr\/wp-json\/wp\/v2\/pages"}],"about":[{"href":"https:\/\/www.winterservices.be\/fr\/wp-json\/wp\/v2\/types\/page"}],"author":[{"embeddable":true,"href":"https:\/\/www.winterservices.be\/fr\/wp-json\/wp\/v2\/users\/3"}],"replies":[{"embeddable":true,"href":"https:\/\/www.winterservices.be\/fr\/wp-json\/wp\/v2\/comments?post=1573"}],"version-history":[{"count":2,"href":"https:\/\/www.winterservices.be\/fr\/wp-json\/wp\/v2\/pages\/1573\/revisions"}],"predecessor-version":[{"id":1576,"href":"https:\/\/www.winterservices.be\/fr\/wp-json\/wp\/v2\/pages\/1573\/revisions\/1576"}],"wp:attachment":[{"href":"https:\/\/www.winterservices.be\/fr\/wp-json\/wp\/v2\/media?parent=1573"}],"curies":[{"name":"wp","href":"https:\/\/api.w.org\/{rel}","templated":true}]}}